{"id":2009,"date":"2018-12-02T13:28:25","date_gmt":"2018-12-02T12:28:25","guid":{"rendered":"http:\/\/machine-assemblage.org\/?page_id=2009"},"modified":"2019-06-12T16:37:59","modified_gmt":"2019-06-12T14:37:59","slug":"machine-semi-automatique","status":"publish","type":"page","link":"https:\/\/socrema-automatisme.com\/index.php\/machine-semi-automatique\/","title":{"rendered":"Machine semi-automatique"},"content":{"rendered":"<p><div class=\"fusion-fullwidth fullwidth-box fusion-builder-row-1 fusion-parallax-none nonhundred-percent-fullwidth non-hundred-percent-height-scrolling\" style=\"--awb-border-radius-top-left:0px;--awb-border-radius-top-right:0px;--awb-border-radius-bottom-right:0px;--awb-border-radius-bottom-left:0px;--awb-background-color:#eaeaea;--awb-background-image:url(&quot;http:\/\/socrema-automatisme.com\/wp-content\/uploads\/2019\/04\/vision-header-2-300x134.png&quot;);--awb-background-size:cover;--awb-flex-wrap:wrap;\" ><div class=\"fusion-builder-row fusion-row\"><div class=\"fusion-layout-column fusion_builder_column fusion-builder-column-0 fusion_builder_column_1_6 1_6 fusion-one-sixth fusion-column-first fusion-no-small-visibility\" style=\"--awb-bg-size:cover;width:16.666666666667%;width:calc(16.666666666667% - ( ( 4% + 4% ) * 0.16666666666667 ) );margin-right: 4%;\"><div class=\"fusion-column-wrapper fusion-flex-column-wrapper-legacy\"><div class=\"fusion-clearfix\"><\/div><\/div><\/div><div class=\"fusion-layout-column fusion_builder_column fusion-builder-column-1 fusion_builder_column_2_3 2_3 fusion-two-third fusion-animated\" style=\"--awb-bg-size:cover;--awb-margin-top:20px;--awb-margin-bottom:20px;width:66.666666666667%;width:calc(66.666666666667% - ( ( 4% + 4% ) * 0.66666666666667 ) );margin-right: 4%;\" data-animationType=\"zoomInUp\" data-animationDuration=\"0.9\" data-animationOffset=\"top-into-view\"><div class=\"fusion-column-wrapper fusion-column-has-shadow fusion-flex-column-wrapper-legacy\"><div class=\"fusion-title title fusion-title-1 fusion-sep-none fusion-title-center fusion-title-text fusion-title-size-two\"><h2 class=\"fusion-title-heading title-heading-center fusion-responsive-typography-calculated\" style=\"margin:0;--fontSize:44;line-height:1.05;\"><p><span style=\"color: #595959;\">SEMI-AUTOMATIQUE<\/span><span style=\"color: #333645;\"><br \/>\n<\/span><\/p><\/h2><\/div><div class=\"fusion-sep-clear\"><\/div><div class=\"fusion-separator\" style=\"margin-left: auto;margin-right: auto;margin-top:16px;margin-bottom:36px;width:100%;max-width:24%;\"><div class=\"fusion-separator-border sep-single\" style=\"--awb-height:20px;--awb-amount:20px;--awb-sep-color:#ef9800;border-color:#ef9800;border-top-width:2px;\"><\/div><\/div><div class=\"fusion-sep-clear\"><\/div><div class=\"fusion-clearfix\"><\/div><\/div><\/div><div class=\"fusion-layout-column fusion_builder_column fusion-builder-column-2 fusion_builder_column_1_6 1_6 fusion-one-sixth fusion-column-last fusion-no-small-visibility\" style=\"--awb-bg-size:cover;width:16.666666666667%;width:calc(16.666666666667% - ( ( 4% + 4% ) * 0.16666666666667 ) );\"><div class=\"fusion-column-wrapper fusion-flex-column-wrapper-legacy\"><div class=\"fusion-clearfix\"><\/div><\/div><\/div><\/div><\/div><div class=\"fusion-fullwidth fullwidth-box fusion-builder-row-2 nonhundred-percent-fullwidth non-hundred-percent-height-scrolling\" style=\"--awb-border-radius-top-left:0px;--awb-border-radius-top-right:0px;--awb-border-radius-bottom-right:0px;--awb-border-radius-bottom-left:0px;--awb-flex-wrap:wrap;\" ><div class=\"fusion-builder-row fusion-row\"><div class=\"fusion-layout-column fusion_builder_column fusion-builder-column-3 fusion_builder_column_1_6 1_6 fusion-one-sixth fusion-column-first\" style=\"--awb-bg-size:cover;width:16.666666666667%;width:calc(16.666666666667% - ( ( 4% + 4% ) * 0.16666666666667 ) );margin-right: 4%;\"><div class=\"fusion-column-wrapper fusion-column-has-shadow fusion-flex-column-wrapper-legacy\"><div class=\"awb-gallery-wrapper awb-gallery-wrapper-1 button-span-no\"><div style=\"margin:-5px;--awb-bordersize:0px;\" class=\"fusion-gallery fusion-gallery-container fusion-grid-1 fusion-columns-total-3 fusion-gallery-layout-masonry fusion-gallery-1\"><div class=\"fusion-grid-column fusion-gallery-column fusion-gallery-column-1 hover-type-zoomin fusion-grid-sizer\"><\/div><div style=\"padding:5px;\" class=\"fusion-grid-column fusion-gallery-column fusion-gallery-column-1 hover-type-zoomin fusion-element-portrait\"><div class=\"fusion-gallery-image\"><a href=\"https:\/\/socrema-automatisme.com\/wp-content\/uploads\/2019\/05\/Poste-rivetage-semi-auto.jpg\" data-caption=\"Chargement manuel, contr\u00f4le conformit\u00e9 composants et rivetage en automatique\" rel=\"noreferrer\" data-rel=\"iLightbox[gallery_image_1]\" class=\"fusion-lightbox\" target=\"_self\"><div style=\"background-image:url(https:\/\/socrema-automatisme.com\/wp-content\/uploads\/2019\/05\/Poste-rivetage-semi-auto.jpg);padding-top:calc((100% + 10px) * 1.6);background-position:;\" class=\"fusion-masonry-element-container\"><img decoding=\"async\" src=\"https:\/\/socrema-automatisme.com\/wp-content\/uploads\/2019\/05\/Poste-rivetage-semi-auto.jpg\" width=\"800\" height=\"1266\" alt=\"\" title=\"Poste rivetage semi auto\" aria-label=\"Poste rivetage semi auto\" class=\"img-responsive wp-image-2896 fusion-gallery-image-size-fixed\" srcset=\"https:\/\/socrema-automatisme.com\/wp-content\/uploads\/2019\/05\/Poste-rivetage-semi-auto-200x317.jpg 200w, https:\/\/socrema-automatisme.com\/wp-content\/uploads\/2019\/05\/Poste-rivetage-semi-auto-400x633.jpg 400w, https:\/\/socrema-automatisme.com\/wp-content\/uploads\/2019\/05\/Poste-rivetage-semi-auto-600x950.jpg 600w, https:\/\/socrema-automatisme.com\/wp-content\/uploads\/2019\/05\/Poste-rivetage-semi-auto.jpg 800w\" sizes=\"(min-width: 2200px) 100vw, (min-width: 640px) 1180px, \" \/><\/div><\/a><\/div><\/div><div style=\"padding:5px;\" class=\"fusion-grid-column fusion-gallery-column fusion-gallery-column-1 hover-type-zoomin fusion-element-landscape\"><div class=\"fusion-gallery-image\"><a href=\"https:\/\/socrema-automatisme.com\/wp-content\/uploads\/2019\/05\/Ilot-complet-assemblage.jpg\" data-caption=\"Ilot d&#039;assemblage, rivetage, presse, graissage\" rel=\"noreferrer\" data-rel=\"iLightbox[gallery_image_1]\" class=\"fusion-lightbox\" target=\"_self\"><div style=\"background-image:url(https:\/\/socrema-automatisme.com\/wp-content\/uploads\/2019\/05\/Ilot-complet-assemblage.jpg);padding-top:calc((100% + 10px) * 0.4 - 5px);background-position:;\" class=\"fusion-masonry-element-container\"><img decoding=\"async\" src=\"https:\/\/socrema-automatisme.com\/wp-content\/uploads\/2019\/05\/Ilot-complet-assemblage.jpg\" width=\"800\" height=\"428\" alt=\"\" title=\"Ilot complet assemblage\" aria-label=\"Ilot complet assemblage\" class=\"img-responsive wp-image-2898 fusion-gallery-image-size-fixed\" srcset=\"https:\/\/socrema-automatisme.com\/wp-content\/uploads\/2019\/05\/Ilot-complet-assemblage-200x107.jpg 200w, https:\/\/socrema-automatisme.com\/wp-content\/uploads\/2019\/05\/Ilot-complet-assemblage-400x214.jpg 400w, https:\/\/socrema-automatisme.com\/wp-content\/uploads\/2019\/05\/Ilot-complet-assemblage-600x321.jpg 600w, https:\/\/socrema-automatisme.com\/wp-content\/uploads\/2019\/05\/Ilot-complet-assemblage.jpg 800w\" sizes=\"(min-width: 2200px) 100vw, (min-width: 640px) 1180px, \" \/><\/div><\/a><\/div><\/div><div style=\"padding:5px;\" class=\"fusion-grid-column fusion-gallery-column fusion-gallery-column-1 hover-type-zoomin fusion-element-portrait\"><div class=\"fusion-gallery-image\"><a href=\"https:\/\/socrema-automatisme.com\/wp-content\/uploads\/2019\/05\/Controle-vision-gravure-laser-en-semi-auto.jpg\" data-caption=\"Chargement manuel, contr\u00f4le vision conformit\u00e9 connecteurs, gravure laser et \u00e9vacuation auto\" rel=\"noreferrer\" data-rel=\"iLightbox[gallery_image_1]\" class=\"fusion-lightbox\" target=\"_self\"><div style=\"background-image:url(https:\/\/socrema-automatisme.com\/wp-content\/uploads\/2019\/05\/Controle-vision-gravure-laser-en-semi-auto.jpg);padding-top:calc((100% + 10px) * 1.6);background-position:;\" class=\"fusion-masonry-element-container\"><img decoding=\"async\" src=\"https:\/\/socrema-automatisme.com\/wp-content\/uploads\/2019\/05\/Controle-vision-gravure-laser-en-semi-auto.jpg\" width=\"800\" height=\"1116\" alt=\"\" title=\"Controle vision gravure laser en semi auto\" aria-label=\"Controle vision gravure laser en semi auto\" class=\"img-responsive wp-image-2900 fusion-gallery-image-size-fixed\" srcset=\"https:\/\/socrema-automatisme.com\/wp-content\/uploads\/2019\/05\/Controle-vision-gravure-laser-en-semi-auto-200x279.jpg 200w, https:\/\/socrema-automatisme.com\/wp-content\/uploads\/2019\/05\/Controle-vision-gravure-laser-en-semi-auto-400x558.jpg 400w, https:\/\/socrema-automatisme.com\/wp-content\/uploads\/2019\/05\/Controle-vision-gravure-laser-en-semi-auto-600x837.jpg 600w, https:\/\/socrema-automatisme.com\/wp-content\/uploads\/2019\/05\/Controle-vision-gravure-laser-en-semi-auto.jpg 800w\" sizes=\"(min-width: 2200px) 100vw, (min-width: 640px) 1180px, \" \/><\/div><\/a><\/div><\/div><\/div><\/div><div class=\"fusion-clearfix\"><\/div><\/div><\/div><div class=\"fusion-layout-column fusion_builder_column fusion-builder-column-4 fusion_builder_column_2_3 2_3 fusion-two-third\" style=\"--awb-bg-size:cover;width:66.666666666667%;width:calc(66.666666666667% - ( ( 4% + 4% ) * 0.66666666666667 ) );margin-right: 4%;\"><div class=\"fusion-column-wrapper fusion-column-has-shadow fusion-flex-column-wrapper-legacy\"><div class=\"fusion-text fusion-text-1 SocremaClass\"><p><span style=\"color: #5f616f;\">Le sujet doit \u00eatre appr\u00e9hend\u00e9 diff\u00e9remment d&rsquo;une machine automatique.<\/span><\/p>\n<p><span style=\"color: #5f616f;\">L&rsquo;ergonomie, les temps technologiques et temps de chargement, la gestion des flux et des stocks sont des notions \u00e0 prendre en compte dans des processus semi-automatique.<\/span><\/p>\n<ul>\n<li><span style=\"color: #5f616f;\">La s\u00e9curit\u00e9 est \u00e0 g\u00e9rer plus finement qu&rsquo;avec une cart\u00e9risation compl\u00e8te et inter-verrouill\u00e9e.<\/span><\/li>\n<li><span style=\"color: #5f616f;\">L&rsquo;ergonomie est \u00e0 \u00e9tudier de mani\u00e8re rigoureuse pour faciliter le travail des op\u00e9rateurs et \u00e9radiquer le risque TMS.<\/span><\/li>\n<li><span style=\"color: #5f616f;\">Le bruit, encore plus qu&rsquo;avec une machine automatique, est \u00e0 surveiller et travailler afin d&rsquo;apporter aux op\u00e9rateurs de conditions optimales en l&rsquo;absence de cart\u00e9risation totale.<\/span><\/li>\n<\/ul>\n<p><span style=\"color: #5f616f;\">Un ensemble d&rsquo;exp\u00e9riences, de projets d\u00e9j\u00e0 trait\u00e9s permettent \u00e0 Socrema de vous accompagner dans la r\u00e9alisation d&rsquo;\u00e9quipement semi-automatique.<\/span><\/p>\n<\/div><div class=\"fusion-clearfix\"><\/div><\/div><\/div><div class=\"fusion-layout-column fusion_builder_column fusion-builder-column-5 fusion_builder_column_1_6 1_6 fusion-one-sixth fusion-column-last\" style=\"--awb-bg-size:cover;width:16.666666666667%;width:calc(16.666666666667% - ( ( 4% + 4% ) * 0.16666666666667 ) );\"><div class=\"fusion-column-wrapper fusion-column-has-shadow fusion-flex-column-wrapper-legacy\"><div class=\"fusion-widget-area awb-widget-area-element fusion-widget-area-1 fusion-content-widget-area\" style=\"--awb-title-color:#ffffff;--awb-padding:0px 0px 0px 0px;\"><style type=\"text\/css\" data-id=\"avada-vertical-menu-widget-4\">#avada-vertical-menu-widget-4 > ul.menu { margin-top: -8px; }<\/style><div id=\"avada-vertical-menu-widget-4\" class=\"widget avada_vertical_menu\"><style>#fusion-vertical-menu-widget-avada-vertical-menu-widget-4-nav ul.menu li a {font-size:14px;}<\/style><nav id=\"fusion-vertical-menu-widget-avada-vertical-menu-widget-4-nav\" class=\"fusion-vertical-menu-widget fusion-menu hover left no-border\" aria-label=\"Secondary Navigation: \"><ul id=\"menu-machines\" class=\"menu\"><li id=\"menu-item-2786\" class=\"menu-item menu-item-type-post_type menu-item-object-page menu-item-2786\"><a href=\"https:\/\/socrema-automatisme.com\/index.php\/machine-flexible\/\"><span class=\"link-text\"><span class=\"fa-random fas\"><\/span> Machine flexible<\/span><span class=\"arrow\"><\/span><\/a><\/li><li id=\"menu-item-2784\" class=\"menu-item menu-item-type-post_type menu-item-object-page menu-item-2784\"><a href=\"https:\/\/socrema-automatisme.com\/index.php\/machine-cinematique-indexee\/\"><span class=\"link-text\"><span class=\"fa-map-marker-alt fas\"><\/span> Machine cin\u00e9matique index\u00e9e<\/span><span class=\"arrow\"><\/span><\/a><\/li><li id=\"menu-item-2785\" class=\"menu-item menu-item-type-post_type menu-item-object-page menu-item-2785\"><a href=\"https:\/\/socrema-automatisme.com\/index.php\/controle-vision\/\"><span class=\"link-text\"><span class=\"fa-camera-retro fas\"><\/span> Machine contr\u00f4le vision<\/span><span class=\"arrow\"><\/span><\/a><\/li><li id=\"menu-item-2787\" class=\"menu-item menu-item-type-post_type menu-item-object-page menu-item-2787\"><a href=\"https:\/\/socrema-automatisme.com\/index.php\/machine-semi-automatique\/\"><span class=\"link-text\"><span class=\"fa-user-alt fas\"><\/span> Machine semi-automatique<\/span><span class=\"arrow\"><\/span><\/a><\/li><\/ul><\/nav><\/div><div class=\"fusion-additional-widget-content\"><\/div><\/div><div class=\"awb-gallery-wrapper awb-gallery-wrapper-2 button-span-no\"><div style=\"margin:-5px;--awb-bordersize:0px;\" class=\"fusion-gallery fusion-gallery-container fusion-grid-1 fusion-columns-total-1 fusion-gallery-layout-masonry fusion-gallery-2\"><div class=\"fusion-grid-column fusion-gallery-column fusion-gallery-column-1 hover-type-zoomin fusion-element-portrait fusion-grid-sizer\"><\/div><div style=\"padding:5px;\" class=\"fusion-grid-column fusion-gallery-column fusion-gallery-column-1 hover-type-zoomin fusion-element-grid\"><div class=\"fusion-gallery-image\"><a href=\"https:\/\/socrema-automatisme.com\/wp-content\/uploads\/2019\/05\/Poste-rivetage.jpg\" rel=\"noreferrer\" data-rel=\"iLightbox[gallery_image_2]\" class=\"fusion-lightbox\" target=\"_self\"><div style=\"background-image:url(https:\/\/socrema-automatisme.com\/wp-content\/uploads\/2019\/05\/Poste-rivetage.jpg);padding-top:calc((100% + 10px) * 0.8 - 5px);background-position:;\" class=\"fusion-masonry-element-container\"><img decoding=\"async\" src=\"https:\/\/socrema-automatisme.com\/wp-content\/uploads\/2019\/05\/Poste-rivetage.jpg\" width=\"800\" height=\"579\" alt=\"\" title=\"Poste rivetage\" aria-label=\"Poste rivetage\" class=\"img-responsive wp-image-2894 fusion-gallery-image-size-fixed\" srcset=\"https:\/\/socrema-automatisme.com\/wp-content\/uploads\/2019\/05\/Poste-rivetage-200x145.jpg 200w, https:\/\/socrema-automatisme.com\/wp-content\/uploads\/2019\/05\/Poste-rivetage-400x290.jpg 400w, https:\/\/socrema-automatisme.com\/wp-content\/uploads\/2019\/05\/Poste-rivetage-600x434.jpg 600w, https:\/\/socrema-automatisme.com\/wp-content\/uploads\/2019\/05\/Poste-rivetage.jpg 800w\" sizes=\"(min-width: 2200px) 100vw, (min-width: 640px) 1180px, \" \/><\/div><\/a><\/div><\/div><\/div><\/div><div class=\"fusion-clearfix\"><\/div><\/div><\/div><\/div><\/div><\/p>\n","protected":false},"excerpt":{"rendered":"","protected":false},"author":1,"featured_media":0,"parent":0,"menu_order":0,"comment_status":"closed","ping_status":"closed","template":"100-width.php","meta":{"footnotes":""},"class_list":["post-2009","page","type-page","status-publish","hentry"],"yoast_head":"<!-- This site is optimized with the Yoast SEO plugin v27.4 - https:\/\/yoast.com\/product\/yoast-seo-wordpress\/ -->\n<title>Machine semi-automatique - Socrema<\/title>\n<meta name=\"robots\" content=\"index, follow, max-snippet:-1, max-image-preview:large, max-video-preview:-1\" \/>\n<link rel=\"canonical\" href=\"https:\/\/socrema-automatisme.com\/index.php\/machine-semi-automatique\/\" \/>\n<meta property=\"og:locale\" content=\"fr_FR\" \/>\n<meta property=\"og:type\" content=\"article\" \/>\n<meta property=\"og:title\" content=\"Machine semi-automatique - Socrema\" \/>\n<meta property=\"og:url\" content=\"https:\/\/socrema-automatisme.com\/index.php\/machine-semi-automatique\/\" \/>\n<meta property=\"og:site_name\" content=\"Socrema\" \/>\n<meta property=\"article:modified_time\" content=\"2019-06-12T14:37:59+00:00\" \/>\n<meta name=\"twitter:card\" content=\"summary_large_image\" \/>\n<meta name=\"twitter:label1\" content=\"Dur\u00e9e de lecture estim\u00e9e\" \/>\n\t<meta name=\"twitter:data1\" content=\"6 minutes\" \/>\n<script type=\"application\/ld+json\" class=\"yoast-schema-graph\">{\"@context\":\"https:\\\/\\\/schema.org\",\"@graph\":[{\"@type\":\"WebPage\",\"@id\":\"https:\\\/\\\/socrema-automatisme.com\\\/index.php\\\/machine-semi-automatique\\\/\",\"url\":\"https:\\\/\\\/socrema-automatisme.com\\\/index.php\\\/machine-semi-automatique\\\/\",\"name\":\"Machine semi-automatique - Socrema\",\"isPartOf\":{\"@id\":\"https:\\\/\\\/socrema-automatisme.com\\\/#website\"},\"datePublished\":\"2018-12-02T12:28:25+00:00\",\"dateModified\":\"2019-06-12T14:37:59+00:00\",\"breadcrumb\":{\"@id\":\"https:\\\/\\\/socrema-automatisme.com\\\/index.php\\\/machine-semi-automatique\\\/#breadcrumb\"},\"inLanguage\":\"fr-FR\",\"potentialAction\":[{\"@type\":\"ReadAction\",\"target\":[\"https:\\\/\\\/socrema-automatisme.com\\\/index.php\\\/machine-semi-automatique\\\/\"]}]},{\"@type\":\"BreadcrumbList\",\"@id\":\"https:\\\/\\\/socrema-automatisme.com\\\/index.php\\\/machine-semi-automatique\\\/#breadcrumb\",\"itemListElement\":[{\"@type\":\"ListItem\",\"position\":1,\"name\":\"Accueil\",\"item\":\"https:\\\/\\\/socrema-automatisme.com\\\/\"},{\"@type\":\"ListItem\",\"position\":2,\"name\":\"Machine semi-automatique\"}]},{\"@type\":\"WebSite\",\"@id\":\"https:\\\/\\\/socrema-automatisme.com\\\/#website\",\"url\":\"https:\\\/\\\/socrema-automatisme.com\\\/\",\"name\":\"Socrema\",\"description\":\"Machine d&#039;assemblage automatique. Vision industrielle\",\"publisher\":{\"@id\":\"https:\\\/\\\/socrema-automatisme.com\\\/#organization\"},\"potentialAction\":[{\"@type\":\"SearchAction\",\"target\":{\"@type\":\"EntryPoint\",\"urlTemplate\":\"https:\\\/\\\/socrema-automatisme.com\\\/?s={search_term_string}\"},\"query-input\":{\"@type\":\"PropertyValueSpecification\",\"valueRequired\":true,\"valueName\":\"search_term_string\"}}],\"inLanguage\":\"fr-FR\"},{\"@type\":\"Organization\",\"@id\":\"https:\\\/\\\/socrema-automatisme.com\\\/#organization\",\"name\":\"SOCREMA\",\"url\":\"https:\\\/\\\/socrema-automatisme.com\\\/\",\"logo\":{\"@type\":\"ImageObject\",\"inLanguage\":\"fr-FR\",\"@id\":\"https:\\\/\\\/socrema-automatisme.com\\\/#\\\/schema\\\/logo\\\/image\\\/\",\"url\":\"http:\\\/\\\/socrema-automatisme.com\\\/wp-content\\\/uploads\\\/2018\\\/11\\\/logo-socrema.png\",\"contentUrl\":\"http:\\\/\\\/socrema-automatisme.com\\\/wp-content\\\/uploads\\\/2018\\\/11\\\/logo-socrema.png\",\"width\":451,\"height\":466,\"caption\":\"SOCREMA\"},\"image\":{\"@id\":\"https:\\\/\\\/socrema-automatisme.com\\\/#\\\/schema\\\/logo\\\/image\\\/\"}}]}<\/script>\n<!-- \/ Yoast SEO plugin. -->","yoast_head_json":{"title":"Machine semi-automatique - Socrema","robots":{"index":"index","follow":"follow","max-snippet":"max-snippet:-1","max-image-preview":"max-image-preview:large","max-video-preview":"max-video-preview:-1"},"canonical":"https:\/\/socrema-automatisme.com\/index.php\/machine-semi-automatique\/","og_locale":"fr_FR","og_type":"article","og_title":"Machine semi-automatique - Socrema","og_url":"https:\/\/socrema-automatisme.com\/index.php\/machine-semi-automatique\/","og_site_name":"Socrema","article_modified_time":"2019-06-12T14:37:59+00:00","twitter_card":"summary_large_image","twitter_misc":{"Dur\u00e9e de lecture estim\u00e9e":"6 minutes"},"schema":{"@context":"https:\/\/schema.org","@graph":[{"@type":"WebPage","@id":"https:\/\/socrema-automatisme.com\/index.php\/machine-semi-automatique\/","url":"https:\/\/socrema-automatisme.com\/index.php\/machine-semi-automatique\/","name":"Machine semi-automatique - Socrema","isPartOf":{"@id":"https:\/\/socrema-automatisme.com\/#website"},"datePublished":"2018-12-02T12:28:25+00:00","dateModified":"2019-06-12T14:37:59+00:00","breadcrumb":{"@id":"https:\/\/socrema-automatisme.com\/index.php\/machine-semi-automatique\/#breadcrumb"},"inLanguage":"fr-FR","potentialAction":[{"@type":"ReadAction","target":["https:\/\/socrema-automatisme.com\/index.php\/machine-semi-automatique\/"]}]},{"@type":"BreadcrumbList","@id":"https:\/\/socrema-automatisme.com\/index.php\/machine-semi-automatique\/#breadcrumb","itemListElement":[{"@type":"ListItem","position":1,"name":"Accueil","item":"https:\/\/socrema-automatisme.com\/"},{"@type":"ListItem","position":2,"name":"Machine semi-automatique"}]},{"@type":"WebSite","@id":"https:\/\/socrema-automatisme.com\/#website","url":"https:\/\/socrema-automatisme.com\/","name":"Socrema","description":"Machine d&#039;assemblage automatique. Vision industrielle","publisher":{"@id":"https:\/\/socrema-automatisme.com\/#organization"},"potentialAction":[{"@type":"SearchAction","target":{"@type":"EntryPoint","urlTemplate":"https:\/\/socrema-automatisme.com\/?s={search_term_string}"},"query-input":{"@type":"PropertyValueSpecification","valueRequired":true,"valueName":"search_term_string"}}],"inLanguage":"fr-FR"},{"@type":"Organization","@id":"https:\/\/socrema-automatisme.com\/#organization","name":"SOCREMA","url":"https:\/\/socrema-automatisme.com\/","logo":{"@type":"ImageObject","inLanguage":"fr-FR","@id":"https:\/\/socrema-automatisme.com\/#\/schema\/logo\/image\/","url":"http:\/\/socrema-automatisme.com\/wp-content\/uploads\/2018\/11\/logo-socrema.png","contentUrl":"http:\/\/socrema-automatisme.com\/wp-content\/uploads\/2018\/11\/logo-socrema.png","width":451,"height":466,"caption":"SOCREMA"},"image":{"@id":"https:\/\/socrema-automatisme.com\/#\/schema\/logo\/image\/"}}]}},"_links":{"self":[{"href":"https:\/\/socrema-automatisme.com\/index.php\/wp-json\/wp\/v2\/pages\/2009","targetHints":{"allow":["GET"]}}],"collection":[{"href":"https:\/\/socrema-automatisme.com\/index.php\/wp-json\/wp\/v2\/pages"}],"about":[{"href":"https:\/\/socrema-automatisme.com\/index.php\/wp-json\/wp\/v2\/types\/page"}],"author":[{"embeddable":true,"href":"https:\/\/socrema-automatisme.com\/index.php\/wp-json\/wp\/v2\/users\/1"}],"replies":[{"embeddable":true,"href":"https:\/\/socrema-automatisme.com\/index.php\/wp-json\/wp\/v2\/comments?post=2009"}],"version-history":[{"count":24,"href":"https:\/\/socrema-automatisme.com\/index.php\/wp-json\/wp\/v2\/pages\/2009\/revisions"}],"predecessor-version":[{"id":3068,"href":"https:\/\/socrema-automatisme.com\/index.php\/wp-json\/wp\/v2\/pages\/2009\/revisions\/3068"}],"wp:attachment":[{"href":"https:\/\/socrema-automatisme.com\/index.php\/wp-json\/wp\/v2\/media?parent=2009"}],"curies":[{"name":"wp","href":"https:\/\/api.w.org\/{rel}","templated":true}]}}