{"id":2011,"date":"2018-12-02T13:29:30","date_gmt":"2018-12-02T12:29:30","guid":{"rendered":"http:\/\/machine-assemblage.org\/?page_id=2011"},"modified":"2019-06-28T17:45:37","modified_gmt":"2019-06-28T15:45:37","slug":"controle-vision","status":"publish","type":"page","link":"https:\/\/socrema-automatisme.com\/index.php\/controle-vision\/","title":{"rendered":"Machine contr\u00f4le vision"},"content":{"rendered":"<p><div class=\"fusion-fullwidth fullwidth-box fusion-builder-row-1 fusion-parallax-none nonhundred-percent-fullwidth non-hundred-percent-height-scrolling\" style=\"--awb-border-radius-top-left:0px;--awb-border-radius-top-right:0px;--awb-border-radius-bottom-right:0px;--awb-border-radius-bottom-left:0px;--awb-background-color:#eaeaea;--awb-background-image:url(&quot;http:\/\/socrema-automatisme.com\/wp-content\/uploads\/2019\/04\/vision-header-300x128.png&quot;);--awb-background-size:cover;--awb-flex-wrap:wrap;\" ><div class=\"fusion-builder-row fusion-row\"><div class=\"fusion-layout-column fusion_builder_column fusion-builder-column-0 fusion_builder_column_1_6 1_6 fusion-one-sixth fusion-column-first fusion-no-small-visibility\" style=\"--awb-bg-size:cover;width:16.666666666667%;width:calc(16.666666666667% - ( ( 4% + 4% ) * 0.16666666666667 ) );margin-right: 4%;\"><div class=\"fusion-column-wrapper fusion-flex-column-wrapper-legacy\"><div class=\"fusion-clearfix\"><\/div><\/div><\/div><div class=\"fusion-layout-column fusion_builder_column fusion-builder-column-1 fusion_builder_column_2_3 2_3 fusion-two-third fusion-animated\" style=\"--awb-bg-size:cover;--awb-margin-top:20px;--awb-margin-bottom:20px;width:66.666666666667%;width:calc(66.666666666667% - ( ( 4% + 4% ) * 0.66666666666667 ) );margin-right: 4%;\" data-animationType=\"zoomInRight\" data-animationDuration=\"0.9\" data-animationOffset=\"top-into-view\"><div class=\"fusion-column-wrapper fusion-column-has-shadow fusion-flex-column-wrapper-legacy\"><div class=\"fusion-title title fusion-title-1 fusion-sep-none fusion-title-center fusion-title-text fusion-title-size-two\"><h2 class=\"fusion-title-heading title-heading-center fusion-responsive-typography-calculated\" style=\"margin:0;--fontSize:44;line-height:1.05;\"><span style=\"color: #595959;\">CONTR\u00d4LE VISION<\/span><\/h2><\/div><div class=\"fusion-sep-clear\"><\/div><div class=\"fusion-separator\" style=\"margin-left: auto;margin-right: auto;margin-top:16px;margin-bottom:36px;width:100%;max-width:24%;\"><div class=\"fusion-separator-border sep-single\" style=\"--awb-height:20px;--awb-amount:20px;--awb-sep-color:#ef9800;border-color:#ef9800;border-top-width:2px;\"><\/div><\/div><div class=\"fusion-sep-clear\"><\/div><div class=\"fusion-clearfix\"><\/div><\/div><\/div><div class=\"fusion-layout-column fusion_builder_column fusion-builder-column-2 fusion_builder_column_1_6 1_6 fusion-one-sixth fusion-column-last fusion-no-small-visibility\" style=\"--awb-bg-size:cover;width:16.666666666667%;width:calc(16.666666666667% - ( ( 4% + 4% ) * 0.16666666666667 ) );\"><div class=\"fusion-column-wrapper fusion-flex-column-wrapper-legacy\"><div class=\"fusion-clearfix\"><\/div><\/div><\/div><\/div><\/div><div class=\"fusion-fullwidth fullwidth-box fusion-builder-row-2 nonhundred-percent-fullwidth non-hundred-percent-height-scrolling\" style=\"--awb-border-radius-top-left:0px;--awb-border-radius-top-right:0px;--awb-border-radius-bottom-right:0px;--awb-border-radius-bottom-left:0px;--awb-flex-wrap:wrap;\" ><div class=\"fusion-builder-row fusion-row\"><div class=\"fusion-layout-column fusion_builder_column fusion-builder-column-3 fusion_builder_column_1_6 1_6 fusion-one-sixth fusion-column-first\" style=\"--awb-bg-size:cover;width:16.666666666667%;width:calc(16.666666666667% - ( ( 4% + 4% ) * 0.16666666666667 ) );margin-right: 4%;\"><div class=\"fusion-column-wrapper fusion-column-has-shadow fusion-flex-column-wrapper-legacy\"><div class=\"awb-gallery-wrapper awb-gallery-wrapper-1 button-span-no\"><div style=\"margin:-5px;--awb-bordersize:0px;\" class=\"fusion-gallery fusion-gallery-container fusion-grid-1 fusion-columns-total-3 fusion-gallery-layout-masonry fusion-gallery-1\"><div class=\"fusion-grid-column fusion-gallery-column fusion-gallery-column-1 hover-type-zoomin fusion-grid-sizer\"><\/div><div style=\"padding:5px;\" class=\"fusion-grid-column fusion-gallery-column fusion-gallery-column-1 hover-type-zoomin fusion-element-portrait\"><div class=\"fusion-gallery-image\"><a href=\"https:\/\/socrema-automatisme.com\/wp-content\/uploads\/2019\/05\/Controle-serigraphie-verre.jpg\" rel=\"noreferrer\" data-rel=\"iLightbox[gallery_image_1]\" class=\"fusion-lightbox\" target=\"_self\"><div style=\"background-image:url(https:\/\/socrema-automatisme.com\/wp-content\/uploads\/2019\/05\/Controle-serigraphie-verre.jpg);padding-top:calc((100% + 10px) * 1.6);background-position:;\" class=\"fusion-masonry-element-container\"><img decoding=\"async\" src=\"https:\/\/socrema-automatisme.com\/wp-content\/uploads\/2019\/05\/Controle-serigraphie-verre.jpg\" width=\"800\" height=\"1442\" alt=\"\" title=\"Controle serigraphie verre\" aria-label=\"Controle serigraphie verre\" class=\"img-responsive wp-image-2886 fusion-gallery-image-size-fixed\" srcset=\"https:\/\/socrema-automatisme.com\/wp-content\/uploads\/2019\/05\/Controle-serigraphie-verre-200x361.jpg 200w, https:\/\/socrema-automatisme.com\/wp-content\/uploads\/2019\/05\/Controle-serigraphie-verre-400x721.jpg 400w, https:\/\/socrema-automatisme.com\/wp-content\/uploads\/2019\/05\/Controle-serigraphie-verre-600x1082.jpg 600w, https:\/\/socrema-automatisme.com\/wp-content\/uploads\/2019\/05\/Controle-serigraphie-verre.jpg 800w\" sizes=\"(min-width: 2200px) 100vw, (min-width: 640px) 1180px, \" \/><\/div><\/a><\/div><\/div><div style=\"padding:5px;\" class=\"fusion-grid-column fusion-gallery-column fusion-gallery-column-1 hover-type-zoomin fusion-element-grid\"><div class=\"fusion-gallery-image\"><a href=\"https:\/\/socrema-automatisme.com\/wp-content\/uploads\/2019\/05\/Controle-OCR-et-matching-number.png\" rel=\"noreferrer\" data-rel=\"iLightbox[gallery_image_1]\" class=\"fusion-lightbox\" target=\"_self\"><div style=\"background-image:url(https:\/\/socrema-automatisme.com\/wp-content\/uploads\/2019\/05\/Controle-OCR-et-matching-number.png);padding-top:calc((100% + 10px) * 0.8 - 5px);background-position:;\" class=\"fusion-masonry-element-container\"><img decoding=\"async\" src=\"https:\/\/socrema-automatisme.com\/wp-content\/uploads\/2019\/05\/Controle-OCR-et-matching-number.png\" width=\"800\" height=\"488\" alt=\"\" title=\"Controle OCR et matching number\" aria-label=\"Controle OCR et matching number\" class=\"img-responsive wp-image-2887 fusion-gallery-image-size-fixed\" srcset=\"https:\/\/socrema-automatisme.com\/wp-content\/uploads\/2019\/05\/Controle-OCR-et-matching-number-200x122.png 200w, https:\/\/socrema-automatisme.com\/wp-content\/uploads\/2019\/05\/Controle-OCR-et-matching-number-400x244.png 400w, https:\/\/socrema-automatisme.com\/wp-content\/uploads\/2019\/05\/Controle-OCR-et-matching-number-600x366.png 600w, https:\/\/socrema-automatisme.com\/wp-content\/uploads\/2019\/05\/Controle-OCR-et-matching-number.png 800w\" sizes=\"(min-width: 2200px) 100vw, (min-width: 640px) 1180px, \" \/><\/div><\/a><\/div><\/div><div style=\"padding:5px;\" class=\"fusion-grid-column fusion-gallery-column fusion-gallery-column-1 hover-type-zoomin fusion-element-grid\"><div class=\"fusion-gallery-image\"><a href=\"https:\/\/socrema-automatisme.com\/wp-content\/uploads\/2019\/05\/Controle-amorce-rupture.png\" data-caption=\"Contr\u00f4le d&#039;amorce de rupture dans une pi\u00e8ce emboutie\" rel=\"noreferrer\" data-rel=\"iLightbox[gallery_image_1]\" class=\"fusion-lightbox\" target=\"_self\"><div style=\"background-image:url(https:\/\/socrema-automatisme.com\/wp-content\/uploads\/2019\/05\/Controle-amorce-rupture.png);padding-top:calc((100% + 10px) * 0.8 - 5px);background-position:;\" class=\"fusion-masonry-element-container\"><img decoding=\"async\" src=\"https:\/\/socrema-automatisme.com\/wp-content\/uploads\/2019\/05\/Controle-amorce-rupture.png\" width=\"633\" height=\"474\" alt=\"\" title=\"Controle amorce rupture\" aria-label=\"Controle amorce rupture\" class=\"img-responsive wp-image-2889 fusion-gallery-image-size-fixed\" srcset=\"https:\/\/socrema-automatisme.com\/wp-content\/uploads\/2019\/05\/Controle-amorce-rupture-200x150.png 200w, https:\/\/socrema-automatisme.com\/wp-content\/uploads\/2019\/05\/Controle-amorce-rupture-400x300.png 400w, https:\/\/socrema-automatisme.com\/wp-content\/uploads\/2019\/05\/Controle-amorce-rupture-600x449.png 600w, https:\/\/socrema-automatisme.com\/wp-content\/uploads\/2019\/05\/Controle-amorce-rupture.png 633w\" sizes=\"(min-width: 2200px) 100vw, (min-width: 640px) 1180px, \" \/><\/div><\/a><\/div><\/div><\/div><\/div><div class=\"fusion-clearfix\"><\/div><\/div><\/div><div class=\"fusion-layout-column fusion_builder_column fusion-builder-column-4 fusion_builder_column_2_3 2_3 fusion-two-third\" style=\"--awb-bg-size:cover;width:66.666666666667%;width:calc(66.666666666667% - ( ( 4% + 4% ) * 0.66666666666667 ) );margin-right: 4%;\"><div class=\"fusion-column-wrapper fusion-column-has-shadow fusion-flex-column-wrapper-legacy\"><div class=\"fusion-text fusion-text-1 SocremaClass\"><p><span style=\"color: #5f616f;\">Vous avez un <\/span><span style=\"color: #5f616f;\">besoin :<\/span><\/p>\n<ul>\n<li><span style=\"color: #5f616f;\">de contr\u00f4le dimensionnel<\/span><\/li>\n<li><span style=\"color: #5f616f;\">de contr\u00f4le d&rsquo;aspect<\/span><\/li>\n<li><span style=\"color: #5f616f;\">de contr\u00f4le de conformit\u00e9<\/span><\/li>\n<\/ul>\n<p><span style=\"color: #5f616f;\">Vous souhaitez une cadence de 1 p\/s ou 50 p\/s<\/span><\/p>\n<div style=\"width: 1180px;\" class=\"wp-video\"><!--[if lt IE 9]><script>document.createElement('video');<\/script><![endif]-->\n<video class=\"wp-video-shortcode\" id=\"video-2011-1\" width=\"1180\" height=\"664\" loop autoplay preload=\"metadata\" controls=\"controls\"><source type=\"video\/mp4\" src=\"http:\/\/socrema-automatisme.com\/wp-content\/uploads\/2019\/06\/Controle-equerrage.mp4?_=1\" \/><a href=\"http:\/\/socrema-automatisme.com\/wp-content\/uploads\/2019\/06\/Controle-equerrage.mp4\">http:\/\/socrema-automatisme.com\/wp-content\/uploads\/2019\/06\/Controle-equerrage.mp4<\/a><\/video><\/div>\n<p><span style=\"color: #5f616f;\">Le contr\u00f4le se r\u00e9alise pi\u00e8ce \u00e0 pi\u00e8ce ou en continu (web inspection)<\/span><\/p>\n<p><span style=\"color: #5f616f;\">Un contr\u00f4le dans le visible, l&rsquo;ultra-violet ou l&rsquo;infra-rouge<\/span><\/p>\n<p><span style=\"color: #5f616f;\">Besoin\u00a0 d&rsquo;objectifs t\u00e9l\u00e9centriques, d&rsquo;\u00e9clairages t\u00e9l\u00e9centriques ?<br \/>\n<\/span><\/p>\n<p><span style=\"color: #5f616f;\">Un contr\u00f4le en \u00e9clairage rasant, direct ou back light ?<br \/>\n<\/span><\/p>\n<p><span style=\"color: #5f616f;\">Votre produit est opaque ou transparent<\/span><\/p>\n<p><span style=\"color: #5f616f;\">Besoin d&rsquo;un contr\u00f4le en 3 dimensions<\/span><\/p>\n<p><span style=\"color: #5f616f;\">Apr\u00e8s 10 ans de diverses exp\u00e9riences et divers projets, Socrema a des solutions \u00e0 vous proposer en contr\u00f4le cam\u00e9ra matricielle, cam\u00e9ra lin\u00e9aire, profilom\u00e8tre adapt\u00e9es aux diff\u00e9rents cas de figure.<br \/>\n<\/span><\/p>\n<\/div><div class=\"fusion-clearfix\"><\/div><\/div><\/div><div class=\"fusion-layout-column fusion_builder_column fusion-builder-column-5 fusion_builder_column_1_6 1_6 fusion-one-sixth fusion-column-last\" style=\"--awb-bg-size:cover;width:16.666666666667%;width:calc(16.666666666667% - ( ( 4% + 4% ) * 0.16666666666667 ) );\"><div class=\"fusion-column-wrapper fusion-column-has-shadow fusion-flex-column-wrapper-legacy\"><div class=\"fusion-widget-area awb-widget-area-element fusion-widget-area-1 fusion-content-widget-area\" style=\"--awb-title-color:#ffffff;--awb-padding:0px 0px 0px 0px;\"><style type=\"text\/css\" data-id=\"avada-vertical-menu-widget-4\">#avada-vertical-menu-widget-4 > ul.menu { margin-top: -8px; }<\/style><div id=\"avada-vertical-menu-widget-4\" class=\"widget avada_vertical_menu\"><style>#fusion-vertical-menu-widget-avada-vertical-menu-widget-4-nav ul.menu li a {font-size:14px;}<\/style><nav id=\"fusion-vertical-menu-widget-avada-vertical-menu-widget-4-nav\" class=\"fusion-vertical-menu-widget fusion-menu hover left no-border\" aria-label=\"Secondary Navigation: \"><ul id=\"menu-machines\" class=\"menu\"><li id=\"menu-item-2786\" class=\"menu-item menu-item-type-post_type menu-item-object-page menu-item-2786\"><a href=\"https:\/\/socrema-automatisme.com\/index.php\/machine-flexible\/\"><span class=\"link-text\"><span class=\"fa-random fas\"><\/span> Machine flexible<\/span><span class=\"arrow\"><\/span><\/a><\/li><li id=\"menu-item-2784\" class=\"menu-item menu-item-type-post_type menu-item-object-page menu-item-2784\"><a href=\"https:\/\/socrema-automatisme.com\/index.php\/machine-cinematique-indexee\/\"><span class=\"link-text\"><span class=\"fa-map-marker-alt fas\"><\/span> Machine cin\u00e9matique index\u00e9e<\/span><span class=\"arrow\"><\/span><\/a><\/li><li id=\"menu-item-2785\" class=\"menu-item menu-item-type-post_type menu-item-object-page menu-item-2785\"><a href=\"https:\/\/socrema-automatisme.com\/index.php\/controle-vision\/\"><span class=\"link-text\"><span class=\"fa-camera-retro fas\"><\/span> Machine contr\u00f4le vision<\/span><span class=\"arrow\"><\/span><\/a><\/li><li id=\"menu-item-2787\" class=\"menu-item menu-item-type-post_type menu-item-object-page menu-item-2787\"><a href=\"https:\/\/socrema-automatisme.com\/index.php\/machine-semi-automatique\/\"><span class=\"link-text\"><span class=\"fa-user-alt fas\"><\/span> Machine semi-automatique<\/span><span class=\"arrow\"><\/span><\/a><\/li><\/ul><\/nav><\/div><div class=\"fusion-additional-widget-content\"><\/div><\/div><div class=\"awb-gallery-wrapper awb-gallery-wrapper-2 button-span-no\"><div style=\"margin:-5px;--awb-bordersize:0px;\" class=\"fusion-gallery fusion-gallery-container fusion-grid-1 fusion-columns-total-2 fusion-gallery-layout-masonry fusion-gallery-2\"><div class=\"fusion-grid-column fusion-gallery-column fusion-gallery-column-1 hover-type-zoomin fusion-element-grid fusion-grid-sizer\"><\/div><div style=\"padding:5px;\" class=\"fusion-grid-column fusion-gallery-column fusion-gallery-column-1 hover-type-zoomin fusion-element-grid\"><div class=\"fusion-gallery-image\"><a href=\"https:\/\/socrema-automatisme.com\/wp-content\/uploads\/2019\/05\/Controle-Impression-a-chaud.png\" data-caption=\"Contr\u00f4le qualit\u00e9 impression transfert \u00e0 chaud sur bouchon pharmaceutique 220 p\/mn\" rel=\"noreferrer\" data-rel=\"iLightbox[gallery_image_2]\" class=\"fusion-lightbox\" target=\"_self\"><div style=\"background-image:url(https:\/\/socrema-automatisme.com\/wp-content\/uploads\/2019\/05\/Controle-Impression-a-chaud.png);padding-top:calc((100% + 10px) * 0.8 - 5px);background-position:;\" class=\"fusion-masonry-element-container\"><img decoding=\"async\" src=\"https:\/\/socrema-automatisme.com\/wp-content\/uploads\/2019\/05\/Controle-Impression-a-chaud.png\" width=\"800\" height=\"489\" alt=\"\" title=\"Controle Impression a chaud\" aria-label=\"Controle Impression a chaud\" class=\"img-responsive wp-image-2865 fusion-gallery-image-size-fixed\" srcset=\"https:\/\/socrema-automatisme.com\/wp-content\/uploads\/2019\/05\/Controle-Impression-a-chaud-200x122.png 200w, https:\/\/socrema-automatisme.com\/wp-content\/uploads\/2019\/05\/Controle-Impression-a-chaud-400x245.png 400w, https:\/\/socrema-automatisme.com\/wp-content\/uploads\/2019\/05\/Controle-Impression-a-chaud-600x367.png 600w, https:\/\/socrema-automatisme.com\/wp-content\/uploads\/2019\/05\/Controle-Impression-a-chaud.png 800w\" sizes=\"(min-width: 2200px) 100vw, (min-width: 640px) 1180px, \" \/><\/div><\/a><\/div><\/div><div style=\"padding:5px;\" class=\"fusion-grid-column fusion-gallery-column fusion-gallery-column-1 hover-type-zoomin fusion-element-grid\"><div class=\"fusion-gallery-image\"><a href=\"https:\/\/socrema-automatisme.com\/wp-content\/uploads\/2019\/05\/Controle-orientation-pompe.png\" data-caption=\"D\u00e9termination rotation \u00e0 effectuer et contr\u00f4le orientation finale\" rel=\"noreferrer\" data-rel=\"iLightbox[gallery_image_2]\" class=\"fusion-lightbox\" target=\"_self\"><div style=\"background-image:url(https:\/\/socrema-automatisme.com\/wp-content\/uploads\/2019\/05\/Controle-orientation-pompe.png);padding-top:calc((100% + 10px) * 0.8 - 5px);background-position:;\" class=\"fusion-masonry-element-container\"><img decoding=\"async\" src=\"https:\/\/socrema-automatisme.com\/wp-content\/uploads\/2019\/05\/Controle-orientation-pompe.png\" width=\"800\" height=\"663\" alt=\"\" title=\"Controle orientation pompe\" aria-label=\"Controle orientation pompe\" class=\"img-responsive wp-image-2868 fusion-gallery-image-size-fixed\" srcset=\"https:\/\/socrema-automatisme.com\/wp-content\/uploads\/2019\/05\/Controle-orientation-pompe-200x166.png 200w, https:\/\/socrema-automatisme.com\/wp-content\/uploads\/2019\/05\/Controle-orientation-pompe-400x332.png 400w, https:\/\/socrema-automatisme.com\/wp-content\/uploads\/2019\/05\/Controle-orientation-pompe-600x497.png 600w, https:\/\/socrema-automatisme.com\/wp-content\/uploads\/2019\/05\/Controle-orientation-pompe.png 800w\" sizes=\"(min-width: 2200px) 100vw, (min-width: 640px) 1180px, \" \/><\/div><\/a><\/div><\/div><\/div><\/div><div class=\"fusion-clearfix\"><\/div><\/div><\/div><\/div><\/div><div class=\"fusion-fullwidth fullwidth-box fusion-builder-row-3 nonhundred-percent-fullwidth non-hundred-percent-height-scrolling\" style=\"--awb-border-radius-top-left:0px;--awb-border-radius-top-right:0px;--awb-border-radius-bottom-right:0px;--awb-border-radius-bottom-left:0px;--awb-flex-wrap:wrap;\" ><div class=\"fusion-builder-row fusion-row\"><div class=\"fusion-layout-column fusion_builder_column fusion-builder-column-6 fusion_builder_column_1_1 1_1 fusion-one-full fusion-column-first fusion-column-last\" style=\"--awb-bg-size:cover;\"><div class=\"fusion-column-wrapper fusion-column-has-shadow fusion-flex-column-wrapper-legacy\"><div class=\"fusion-clearfix\"><\/div><\/div><\/div><\/div><\/div><\/p>\n","protected":false},"excerpt":{"rendered":"","protected":false},"author":1,"featured_media":0,"parent":0,"menu_order":0,"comment_status":"closed","ping_status":"closed","template":"100-width.php","meta":{"footnotes":""},"class_list":["post-2011","page","type-page","status-publish","hentry"],"yoast_head":"<!-- This site is optimized with the Yoast SEO plugin v27.4 - https:\/\/yoast.com\/product\/yoast-seo-wordpress\/ -->\n<title>Machine contr\u00f4le vision - Socrema<\/title>\n<meta name=\"robots\" content=\"index, follow, max-snippet:-1, max-image-preview:large, max-video-preview:-1\" \/>\n<link rel=\"canonical\" href=\"https:\/\/socrema-automatisme.com\/index.php\/controle-vision\/\" \/>\n<meta property=\"og:locale\" content=\"fr_FR\" \/>\n<meta property=\"og:type\" content=\"article\" \/>\n<meta property=\"og:title\" content=\"Machine contr\u00f4le vision - Socrema\" \/>\n<meta property=\"og:url\" content=\"https:\/\/socrema-automatisme.com\/index.php\/controle-vision\/\" \/>\n<meta property=\"og:site_name\" content=\"Socrema\" \/>\n<meta property=\"article:modified_time\" content=\"2019-06-28T15:45:37+00:00\" \/>\n<meta name=\"twitter:card\" content=\"summary_large_image\" \/>\n<meta name=\"twitter:label1\" content=\"Dur\u00e9e de lecture estim\u00e9e\" \/>\n\t<meta name=\"twitter:data1\" content=\"7 minutes\" \/>\n<script type=\"application\/ld+json\" class=\"yoast-schema-graph\">{\"@context\":\"https:\\\/\\\/schema.org\",\"@graph\":[{\"@type\":\"WebPage\",\"@id\":\"https:\\\/\\\/socrema-automatisme.com\\\/index.php\\\/controle-vision\\\/\",\"url\":\"https:\\\/\\\/socrema-automatisme.com\\\/index.php\\\/controle-vision\\\/\",\"name\":\"Machine contr\u00f4le vision - Socrema\",\"isPartOf\":{\"@id\":\"https:\\\/\\\/socrema-automatisme.com\\\/#website\"},\"datePublished\":\"2018-12-02T12:29:30+00:00\",\"dateModified\":\"2019-06-28T15:45:37+00:00\",\"breadcrumb\":{\"@id\":\"https:\\\/\\\/socrema-automatisme.com\\\/index.php\\\/controle-vision\\\/#breadcrumb\"},\"inLanguage\":\"fr-FR\",\"potentialAction\":[{\"@type\":\"ReadAction\",\"target\":[\"https:\\\/\\\/socrema-automatisme.com\\\/index.php\\\/controle-vision\\\/\"]}]},{\"@type\":\"BreadcrumbList\",\"@id\":\"https:\\\/\\\/socrema-automatisme.com\\\/index.php\\\/controle-vision\\\/#breadcrumb\",\"itemListElement\":[{\"@type\":\"ListItem\",\"position\":1,\"name\":\"Accueil\",\"item\":\"https:\\\/\\\/socrema-automatisme.com\\\/\"},{\"@type\":\"ListItem\",\"position\":2,\"name\":\"Machine contr\u00f4le vision\"}]},{\"@type\":\"WebSite\",\"@id\":\"https:\\\/\\\/socrema-automatisme.com\\\/#website\",\"url\":\"https:\\\/\\\/socrema-automatisme.com\\\/\",\"name\":\"Socrema\",\"description\":\"Machine d&#039;assemblage automatique. Vision industrielle\",\"publisher\":{\"@id\":\"https:\\\/\\\/socrema-automatisme.com\\\/#organization\"},\"potentialAction\":[{\"@type\":\"SearchAction\",\"target\":{\"@type\":\"EntryPoint\",\"urlTemplate\":\"https:\\\/\\\/socrema-automatisme.com\\\/?s={search_term_string}\"},\"query-input\":{\"@type\":\"PropertyValueSpecification\",\"valueRequired\":true,\"valueName\":\"search_term_string\"}}],\"inLanguage\":\"fr-FR\"},{\"@type\":\"Organization\",\"@id\":\"https:\\\/\\\/socrema-automatisme.com\\\/#organization\",\"name\":\"SOCREMA\",\"url\":\"https:\\\/\\\/socrema-automatisme.com\\\/\",\"logo\":{\"@type\":\"ImageObject\",\"inLanguage\":\"fr-FR\",\"@id\":\"https:\\\/\\\/socrema-automatisme.com\\\/#\\\/schema\\\/logo\\\/image\\\/\",\"url\":\"http:\\\/\\\/socrema-automatisme.com\\\/wp-content\\\/uploads\\\/2018\\\/11\\\/logo-socrema.png\",\"contentUrl\":\"http:\\\/\\\/socrema-automatisme.com\\\/wp-content\\\/uploads\\\/2018\\\/11\\\/logo-socrema.png\",\"width\":451,\"height\":466,\"caption\":\"SOCREMA\"},\"image\":{\"@id\":\"https:\\\/\\\/socrema-automatisme.com\\\/#\\\/schema\\\/logo\\\/image\\\/\"}}]}<\/script>\n<!-- \/ Yoast SEO plugin. -->","yoast_head_json":{"title":"Machine contr\u00f4le vision - Socrema","robots":{"index":"index","follow":"follow","max-snippet":"max-snippet:-1","max-image-preview":"max-image-preview:large","max-video-preview":"max-video-preview:-1"},"canonical":"https:\/\/socrema-automatisme.com\/index.php\/controle-vision\/","og_locale":"fr_FR","og_type":"article","og_title":"Machine contr\u00f4le vision - Socrema","og_url":"https:\/\/socrema-automatisme.com\/index.php\/controle-vision\/","og_site_name":"Socrema","article_modified_time":"2019-06-28T15:45:37+00:00","twitter_card":"summary_large_image","twitter_misc":{"Dur\u00e9e de lecture estim\u00e9e":"7 minutes"},"schema":{"@context":"https:\/\/schema.org","@graph":[{"@type":"WebPage","@id":"https:\/\/socrema-automatisme.com\/index.php\/controle-vision\/","url":"https:\/\/socrema-automatisme.com\/index.php\/controle-vision\/","name":"Machine contr\u00f4le vision - Socrema","isPartOf":{"@id":"https:\/\/socrema-automatisme.com\/#website"},"datePublished":"2018-12-02T12:29:30+00:00","dateModified":"2019-06-28T15:45:37+00:00","breadcrumb":{"@id":"https:\/\/socrema-automatisme.com\/index.php\/controle-vision\/#breadcrumb"},"inLanguage":"fr-FR","potentialAction":[{"@type":"ReadAction","target":["https:\/\/socrema-automatisme.com\/index.php\/controle-vision\/"]}]},{"@type":"BreadcrumbList","@id":"https:\/\/socrema-automatisme.com\/index.php\/controle-vision\/#breadcrumb","itemListElement":[{"@type":"ListItem","position":1,"name":"Accueil","item":"https:\/\/socrema-automatisme.com\/"},{"@type":"ListItem","position":2,"name":"Machine contr\u00f4le vision"}]},{"@type":"WebSite","@id":"https:\/\/socrema-automatisme.com\/#website","url":"https:\/\/socrema-automatisme.com\/","name":"Socrema","description":"Machine d&#039;assemblage automatique. Vision industrielle","publisher":{"@id":"https:\/\/socrema-automatisme.com\/#organization"},"potentialAction":[{"@type":"SearchAction","target":{"@type":"EntryPoint","urlTemplate":"https:\/\/socrema-automatisme.com\/?s={search_term_string}"},"query-input":{"@type":"PropertyValueSpecification","valueRequired":true,"valueName":"search_term_string"}}],"inLanguage":"fr-FR"},{"@type":"Organization","@id":"https:\/\/socrema-automatisme.com\/#organization","name":"SOCREMA","url":"https:\/\/socrema-automatisme.com\/","logo":{"@type":"ImageObject","inLanguage":"fr-FR","@id":"https:\/\/socrema-automatisme.com\/#\/schema\/logo\/image\/","url":"http:\/\/socrema-automatisme.com\/wp-content\/uploads\/2018\/11\/logo-socrema.png","contentUrl":"http:\/\/socrema-automatisme.com\/wp-content\/uploads\/2018\/11\/logo-socrema.png","width":451,"height":466,"caption":"SOCREMA"},"image":{"@id":"https:\/\/socrema-automatisme.com\/#\/schema\/logo\/image\/"}}]}},"_links":{"self":[{"href":"https:\/\/socrema-automatisme.com\/index.php\/wp-json\/wp\/v2\/pages\/2011","targetHints":{"allow":["GET"]}}],"collection":[{"href":"https:\/\/socrema-automatisme.com\/index.php\/wp-json\/wp\/v2\/pages"}],"about":[{"href":"https:\/\/socrema-automatisme.com\/index.php\/wp-json\/wp\/v2\/types\/page"}],"author":[{"embeddable":true,"href":"https:\/\/socrema-automatisme.com\/index.php\/wp-json\/wp\/v2\/users\/1"}],"replies":[{"embeddable":true,"href":"https:\/\/socrema-automatisme.com\/index.php\/wp-json\/wp\/v2\/comments?post=2011"}],"version-history":[{"count":36,"href":"https:\/\/socrema-automatisme.com\/index.php\/wp-json\/wp\/v2\/pages\/2011\/revisions"}],"predecessor-version":[{"id":3240,"href":"https:\/\/socrema-automatisme.com\/index.php\/wp-json\/wp\/v2\/pages\/2011\/revisions\/3240"}],"wp:attachment":[{"href":"https:\/\/socrema-automatisme.com\/index.php\/wp-json\/wp\/v2\/media?parent=2011"}],"curies":[{"name":"wp","href":"https:\/\/api.w.org\/{rel}","templated":true}]}}