{"id":2018,"date":"2018-12-02T13:31:18","date_gmt":"2018-12-02T12:31:18","guid":{"rendered":"http:\/\/machine-assemblage.org\/?page_id=2018"},"modified":"2019-06-12T16:43:31","modified_gmt":"2019-06-12T14:43:31","slug":"maintenance","status":"publish","type":"page","link":"https:\/\/socrema-automatisme.com\/index.php\/maintenance\/","title":{"rendered":"Maintenance"},"content":{"rendered":"<p><div class=\"fusion-fullwidth fullwidth-box fusion-builder-row-1 fusion-parallax-none nonhundred-percent-fullwidth non-hundred-percent-height-scrolling\" style=\"--awb-border-radius-top-left:0px;--awb-border-radius-top-right:0px;--awb-border-radius-bottom-right:0px;--awb-border-radius-bottom-left:0px;--awb-padding-top:0px;--awb-background-color:#eaeaea;--awb-background-image:url(&quot;http:\/\/socrema-automatisme.com\/wp-content\/uploads\/2019\/04\/Maintenance-Header-300x115.png&quot;);--awb-background-size:cover;--awb-flex-wrap:wrap;\" ><div class=\"fusion-builder-row fusion-row\"><div class=\"fusion-layout-column fusion_builder_column fusion-builder-column-0 fusion_builder_column_1_6 1_6 fusion-one-sixth fusion-column-first fusion-no-small-visibility\" style=\"--awb-bg-size:cover;width:16.666666666667%;width:calc(16.666666666667% - ( ( 4% + 4% ) * 0.16666666666667 ) );margin-right: 4%;\"><div class=\"fusion-column-wrapper fusion-flex-column-wrapper-legacy\"><div class=\"fusion-clearfix\"><\/div><\/div><\/div><div class=\"fusion-layout-column fusion_builder_column fusion-builder-column-1 fusion_builder_column_2_3 2_3 fusion-two-third fusion-animated\" style=\"--awb-bg-size:cover;--awb-margin-top:20px;--awb-margin-bottom:20px;width:66.666666666667%;width:calc(66.666666666667% - ( ( 4% + 4% ) * 0.66666666666667 ) );margin-right: 4%;\" data-animationType=\"slideInDown\" data-animationDuration=\"0.9\" data-animationOffset=\"top-into-view\"><div class=\"fusion-column-wrapper fusion-column-has-shadow fusion-flex-column-wrapper-legacy\"><div class=\"fusion-title title fusion-title-1 fusion-sep-none fusion-title-center fusion-title-text fusion-title-size-two\"><h2 class=\"fusion-title-heading title-heading-center fusion-responsive-typography-calculated\" style=\"margin:0;--fontSize:44;line-height:1.05;\"><p><span style=\"color: #333645;\"><span style=\"color: #595959;\">MAINTENANCE<\/span><br \/>\n<\/span><\/p><\/h2><\/div><div class=\"fusion-sep-clear\"><\/div><div class=\"fusion-separator\" style=\"margin-left: auto;margin-right: auto;margin-top:16px;margin-bottom:36px;width:100%;max-width:24%;\"><div class=\"fusion-separator-border sep-single\" style=\"--awb-height:20px;--awb-amount:20px;--awb-sep-color:#ef9800;border-color:#ef9800;border-top-width:2px;\"><\/div><\/div><div class=\"fusion-sep-clear\"><\/div><div class=\"fusion-clearfix\"><\/div><\/div><\/div><div class=\"fusion-layout-column fusion_builder_column fusion-builder-column-2 fusion_builder_column_1_6 1_6 fusion-one-sixth fusion-column-last fusion-no-small-visibility\" style=\"--awb-bg-size:cover;width:16.666666666667%;width:calc(16.666666666667% - ( ( 4% + 4% ) * 0.16666666666667 ) );\"><div class=\"fusion-column-wrapper fusion-flex-column-wrapper-legacy\"><div class=\"fusion-clearfix\"><\/div><\/div><\/div><\/div><\/div><div class=\"fusion-fullwidth fullwidth-box fusion-builder-row-2 nonhundred-percent-fullwidth non-hundred-percent-height-scrolling\" style=\"--awb-border-radius-top-left:0px;--awb-border-radius-top-right:0px;--awb-border-radius-bottom-right:0px;--awb-border-radius-bottom-left:0px;--awb-flex-wrap:wrap;\" ><div class=\"fusion-builder-row fusion-row\"><div class=\"fusion-layout-column fusion_builder_column fusion-builder-column-3 fusion_builder_column_1_6 1_6 fusion-one-sixth fusion-column-first\" style=\"--awb-bg-size:cover;width:16.666666666667%;width:calc(16.666666666667% - ( ( 4% + 4% ) * 0.16666666666667 ) );margin-right: 4%;\"><div class=\"fusion-column-wrapper fusion-column-has-shadow fusion-flex-column-wrapper-legacy\"><div class=\"fusion-clearfix\"><\/div><\/div><\/div><div class=\"fusion-layout-column fusion_builder_column fusion-builder-column-4 fusion_builder_column_2_3 2_3 fusion-two-third\" style=\"--awb-bg-size:cover;width:66.666666666667%;width:calc(66.666666666667% - ( ( 4% + 4% ) * 0.66666666666667 ) );margin-right: 4%;\"><div class=\"fusion-column-wrapper fusion-column-has-shadow fusion-flex-column-wrapper-legacy\"><div class=\"fusion-text fusion-text-1 SocremaClass\"><p style=\"text-align: left;\"><span style=\"color: #5f616f;\">Malgr\u00e9 nos efforts pour minimiser les interventions concernant la maintenance, Socrema assure un suivi des \u00e9quipements en production chez nos clients.<br \/>\n<\/span><\/p>\n<p><span style=\"color: #5f616f;\">Cette derni\u00e8re peut prendre plusieurs formes :<\/span><\/p>\n<ul>\n<li><span style=\"color: #5f616f;\">d\u00e9pannage t\u00e9l\u00e9phonique par nos \u00e9quipes locales en m\u00e9canique, \u00e9lectricit\u00e9 ou automatisme.<\/span><\/li>\n<li><span style=\"color: #5f616f;\">prise en main \u00e0 distance de l&rsquo;\u00e9quipement\u00a0 pour analyser et \u00e9ventuellement modifier ou adapter le programme<\/span><\/li>\n<li><span style=\"color: #5f616f;\">d\u00e9placement dans vos locaux si n\u00e9cessaire pour vous accompagner dans l&rsquo;intervention<\/span><\/li>\n<\/ul>\n<p><span style=\"color: #5f616f;\">Nous pouvons, \u00e0 votre demande, proposer un contrat de maintenance afin de vous aider dans la gestion de vos \u00e9quipements.<\/span><\/p>\n<\/div><div class=\"fusion-clearfix\"><\/div><\/div><\/div><div class=\"fusion-layout-column fusion_builder_column fusion-builder-column-5 fusion_builder_column_1_6 1_6 fusion-one-sixth fusion-column-last\" style=\"--awb-bg-size:cover;width:16.666666666667%;width:calc(16.666666666667% - ( ( 4% + 4% ) * 0.16666666666667 ) );\"><div class=\"fusion-column-wrapper fusion-column-has-shadow fusion-flex-column-wrapper-legacy\"><div class=\"fusion-widget-area awb-widget-area-element fusion-widget-area-1 fusion-content-widget-area\" style=\"--awb-title-color:#ffffff;--awb-padding:0px 0px 0px 0px;\"><style type=\"text\/css\" data-id=\"avada-vertical-menu-widget-5\">#avada-vertical-menu-widget-5 > ul.menu { margin-top: -8px; }<\/style><div id=\"avada-vertical-menu-widget-5\" class=\"widget avada_vertical_menu\"><style>#fusion-vertical-menu-widget-avada-vertical-menu-widget-5-nav ul.menu li a {font-size:14px;}<\/style><nav id=\"fusion-vertical-menu-widget-avada-vertical-menu-widget-5-nav\" class=\"fusion-vertical-menu-widget fusion-menu hover left no-border\" aria-label=\"Secondary Navigation: \"><ul id=\"menu-services\" class=\"menu\"><li id=\"menu-item-2796\" class=\"menu-item menu-item-type-post_type menu-item-object-page menu-item-2796\"><a href=\"https:\/\/socrema-automatisme.com\/index.php\/installation\/\"><span class=\"link-text\"><span class=\"fa-charging-station fas\"><\/span> Installation<\/span><span class=\"arrow\"><\/span><\/a><\/li><li id=\"menu-item-2795\" class=\"menu-item menu-item-type-post_type menu-item-object-page menu-item-2795\"><a href=\"https:\/\/socrema-automatisme.com\/index.php\/formation\/\"><span class=\"link-text\"><span class=\"fa-book-reader fas\"><\/span> Formation<\/span><span class=\"arrow\"><\/span><\/a><\/li><li id=\"menu-item-2797\" class=\"menu-item menu-item-type-post_type menu-item-object-page menu-item-2797\"><a href=\"https:\/\/socrema-automatisme.com\/index.php\/maintenance\/\"><span class=\"link-text\"><span class=\"fa-tools fas\"><\/span> Maintenance<\/span><span class=\"arrow\"><\/span><\/a><\/li><li id=\"menu-item-2798\" class=\"menu-item menu-item-type-post_type menu-item-object-page menu-item-2798\"><a href=\"https:\/\/socrema-automatisme.com\/index.php\/pieces-detachees\/\"><span class=\"link-text\"><span class=\"fa-gg fab\"><\/span> Pi\u00e8ces d\u00e9tach\u00e9es<\/span><span class=\"arrow\"><\/span><\/a><\/li><\/ul><\/nav><\/div><div class=\"fusion-additional-widget-content\"><\/div><\/div><div class=\"fusion-clearfix\"><\/div><\/div><\/div><\/div><\/div><div class=\"fusion-fullwidth fullwidth-box fusion-builder-row-3 nonhundred-percent-fullwidth non-hundred-percent-height-scrolling\" style=\"--awb-border-radius-top-left:0px;--awb-border-radius-top-right:0px;--awb-border-radius-bottom-right:0px;--awb-border-radius-bottom-left:0px;--awb-flex-wrap:wrap;\" ><div class=\"fusion-builder-row fusion-row\"><div class=\"fusion-layout-column fusion_builder_column fusion-builder-column-6 fusion_builder_column_1_1 1_1 fusion-one-full fusion-column-first fusion-column-last\" style=\"--awb-bg-size:cover;\"><div class=\"fusion-column-wrapper fusion-column-has-shadow fusion-flex-column-wrapper-legacy\"><div class=\"fusion-image-carousel fusion-image-carousel-fixed fusion-image-carousel-1\"><div class=\"awb-carousel awb-swiper awb-swiper-carousel awb-swiper-dots-position-bottom awb-carousel--carousel\" data-layout=\"carousel\" data-autoplay=\"yes\" data-autoplayspeed=\"2500\" data-autoplaypause=\"no\" data-columns=\"3\" data-itemmargin=\"0\" data-itemwidth=\"180\" data-touchscroll=\"no\" data-freemode=\"no\" data-imagesize=\"fixed\" data-scrollitems=\"0\" data-centeredslides=\"no\" data-rotationangle=\"50\" data-depth=\"100\" data-speed=\"500\" data-shadow=\"no\" style=\"--awb-columns:3;--awb-column-spacing:0px;\"><div class=\"swiper-wrapper awb-image-carousel-wrapper fusion-flex-align-items-center\"><div class=\"swiper-slide\"><div class=\"fusion-carousel-item-wrapper\"><div class=\"fusion-image-wrapper hover-type-zoomin\"><img decoding=\"async\" width=\"460\" height=\"295\" src=\"https:\/\/socrema-automatisme.com\/wp-content\/uploads\/2019\/05\/PriseFretteArrondi-460x295.png\" class=\"attachment-portfolio-two size-portfolio-two\" alt=\"bla bla\" \/><\/div><\/div><\/div><div class=\"swiper-slide\"><div class=\"fusion-carousel-item-wrapper\"><div class=\"fusion-image-wrapper hover-type-zoomin\"><img decoding=\"async\" width=\"460\" height=\"212\" src=\"https:\/\/socrema-automatisme.com\/wp-content\/uploads\/2019\/06\/Pharma_1-460x212.png\" class=\"attachment-portfolio-two size-portfolio-two\" alt=\"\" \/><\/div><\/div><\/div><div class=\"swiper-slide\"><div class=\"fusion-carousel-item-wrapper\"><div class=\"fusion-image-wrapper hover-type-zoomin\"><img decoding=\"async\" width=\"286\" height=\"295\" src=\"https:\/\/socrema-automatisme.com\/wp-content\/uploads\/2019\/06\/CtrlVision_2-286x295.jpg\" class=\"attachment-portfolio-two size-portfolio-two\" alt=\"\" \/><\/div><\/div><\/div><div class=\"swiper-slide\"><div class=\"fusion-carousel-item-wrapper\"><div class=\"fusion-image-wrapper hover-type-zoomin\"><img decoding=\"async\" width=\"460\" height=\"295\" src=\"https:\/\/socrema-automatisme.com\/wp-content\/uploads\/2019\/05\/Finition-Pompe-7200-460x295.png\" class=\"attachment-portfolio-two size-portfolio-two\" alt=\"\" \/><\/div><\/div><\/div><div class=\"swiper-slide\"><div class=\"fusion-carousel-item-wrapper\"><div class=\"fusion-image-wrapper hover-type-zoomin\"><img decoding=\"async\" width=\"460\" height=\"295\" src=\"https:\/\/socrema-automatisme.com\/wp-content\/uploads\/2019\/05\/PrisePompeArrondi-460x295.png\" class=\"attachment-portfolio-two size-portfolio-two\" alt=\"\" \/><\/div><\/div><\/div><div class=\"swiper-slide\"><div class=\"fusion-carousel-item-wrapper\"><div class=\"fusion-image-wrapper hover-type-zoomin\"><img decoding=\"async\" width=\"460\" height=\"295\" src=\"https:\/\/socrema-automatisme.com\/wp-content\/uploads\/2019\/05\/Controle-serigraphie-verre-460x295.jpg\" class=\"attachment-portfolio-two size-portfolio-two\" alt=\"\" \/><\/div><\/div><\/div><div class=\"swiper-slide\"><div class=\"fusion-carousel-item-wrapper\"><div class=\"fusion-image-wrapper hover-type-zoomin\"><img decoding=\"async\" width=\"460\" height=\"295\" src=\"https:\/\/socrema-automatisme.com\/wp-content\/uploads\/2019\/05\/Depose-Pompe-7200-460x295.png\" class=\"attachment-portfolio-two size-portfolio-two\" alt=\"\" \/><\/div><\/div><\/div><div class=\"swiper-slide\"><div class=\"fusion-carousel-item-wrapper\"><div class=\"fusion-image-wrapper hover-type-zoomin\"><img decoding=\"async\" width=\"460\" height=\"295\" src=\"https:\/\/socrema-automatisme.com\/wp-content\/uploads\/2019\/06\/Controle-geometrique-460x295.jpg\" class=\"attachment-portfolio-two size-portfolio-two\" alt=\"\" \/><\/div><\/div><\/div><div class=\"swiper-slide\"><div class=\"fusion-carousel-item-wrapper\"><div class=\"fusion-image-wrapper hover-type-zoomin\"><img decoding=\"async\" width=\"460\" height=\"295\" src=\"https:\/\/socrema-automatisme.com\/wp-content\/uploads\/2019\/06\/CtrlConformite-460x295.jpg\" class=\"attachment-portfolio-two size-portfolio-two\" alt=\"\" \/><\/div><\/div><\/div><\/div><div class=\"awb-swiper-button awb-swiper-button-prev\"><i class=\"awb-icon-angle-left\" aria-hidden=\"true\"><\/i><\/div><div class=\"awb-swiper-button awb-swiper-button-next\"><i class=\"awb-icon-angle-right\" aria-hidden=\"true\"><\/i><\/div><\/div><\/div><div class=\"fusion-clearfix\"><\/div><\/div><\/div><\/div><\/div><\/p>\n","protected":false},"excerpt":{"rendered":"","protected":false},"author":1,"featured_media":0,"parent":0,"menu_order":0,"comment_status":"closed","ping_status":"closed","template":"100-width.php","meta":{"footnotes":""},"class_list":["post-2018","page","type-page","status-publish","hentry"],"yoast_head":"<!-- This site is optimized with the Yoast SEO plugin v27.4 - https:\/\/yoast.com\/product\/yoast-seo-wordpress\/ -->\n<title>Maintenance - Socrema<\/title>\n<meta name=\"robots\" content=\"index, follow, max-snippet:-1, max-image-preview:large, max-video-preview:-1\" \/>\n<link rel=\"canonical\" href=\"https:\/\/socrema-automatisme.com\/index.php\/maintenance\/\" \/>\n<meta property=\"og:locale\" content=\"fr_FR\" \/>\n<meta property=\"og:type\" content=\"article\" \/>\n<meta property=\"og:title\" content=\"Maintenance - Socrema\" \/>\n<meta property=\"og:url\" content=\"https:\/\/socrema-automatisme.com\/index.php\/maintenance\/\" \/>\n<meta property=\"og:site_name\" content=\"Socrema\" \/>\n<meta property=\"article:modified_time\" content=\"2019-06-12T14:43:31+00:00\" \/>\n<meta name=\"twitter:card\" content=\"summary_large_image\" \/>\n<meta name=\"twitter:label1\" content=\"Dur\u00e9e de lecture estim\u00e9e\" \/>\n\t<meta name=\"twitter:data1\" content=\"7 minutes\" \/>\n<script type=\"application\/ld+json\" class=\"yoast-schema-graph\">{\"@context\":\"https:\\\/\\\/schema.org\",\"@graph\":[{\"@type\":\"WebPage\",\"@id\":\"https:\\\/\\\/socrema-automatisme.com\\\/index.php\\\/maintenance\\\/\",\"url\":\"https:\\\/\\\/socrema-automatisme.com\\\/index.php\\\/maintenance\\\/\",\"name\":\"Maintenance - Socrema\",\"isPartOf\":{\"@id\":\"https:\\\/\\\/socrema-automatisme.com\\\/#website\"},\"datePublished\":\"2018-12-02T12:31:18+00:00\",\"dateModified\":\"2019-06-12T14:43:31+00:00\",\"breadcrumb\":{\"@id\":\"https:\\\/\\\/socrema-automatisme.com\\\/index.php\\\/maintenance\\\/#breadcrumb\"},\"inLanguage\":\"fr-FR\",\"potentialAction\":[{\"@type\":\"ReadAction\",\"target\":[\"https:\\\/\\\/socrema-automatisme.com\\\/index.php\\\/maintenance\\\/\"]}]},{\"@type\":\"BreadcrumbList\",\"@id\":\"https:\\\/\\\/socrema-automatisme.com\\\/index.php\\\/maintenance\\\/#breadcrumb\",\"itemListElement\":[{\"@type\":\"ListItem\",\"position\":1,\"name\":\"Accueil\",\"item\":\"https:\\\/\\\/socrema-automatisme.com\\\/\"},{\"@type\":\"ListItem\",\"position\":2,\"name\":\"Maintenance\"}]},{\"@type\":\"WebSite\",\"@id\":\"https:\\\/\\\/socrema-automatisme.com\\\/#website\",\"url\":\"https:\\\/\\\/socrema-automatisme.com\\\/\",\"name\":\"Socrema\",\"description\":\"Machine d&#039;assemblage automatique. Vision industrielle\",\"publisher\":{\"@id\":\"https:\\\/\\\/socrema-automatisme.com\\\/#organization\"},\"potentialAction\":[{\"@type\":\"SearchAction\",\"target\":{\"@type\":\"EntryPoint\",\"urlTemplate\":\"https:\\\/\\\/socrema-automatisme.com\\\/?s={search_term_string}\"},\"query-input\":{\"@type\":\"PropertyValueSpecification\",\"valueRequired\":true,\"valueName\":\"search_term_string\"}}],\"inLanguage\":\"fr-FR\"},{\"@type\":\"Organization\",\"@id\":\"https:\\\/\\\/socrema-automatisme.com\\\/#organization\",\"name\":\"SOCREMA\",\"url\":\"https:\\\/\\\/socrema-automatisme.com\\\/\",\"logo\":{\"@type\":\"ImageObject\",\"inLanguage\":\"fr-FR\",\"@id\":\"https:\\\/\\\/socrema-automatisme.com\\\/#\\\/schema\\\/logo\\\/image\\\/\",\"url\":\"http:\\\/\\\/socrema-automatisme.com\\\/wp-content\\\/uploads\\\/2018\\\/11\\\/logo-socrema.png\",\"contentUrl\":\"http:\\\/\\\/socrema-automatisme.com\\\/wp-content\\\/uploads\\\/2018\\\/11\\\/logo-socrema.png\",\"width\":451,\"height\":466,\"caption\":\"SOCREMA\"},\"image\":{\"@id\":\"https:\\\/\\\/socrema-automatisme.com\\\/#\\\/schema\\\/logo\\\/image\\\/\"}}]}<\/script>\n<!-- \/ Yoast SEO plugin. -->","yoast_head_json":{"title":"Maintenance - Socrema","robots":{"index":"index","follow":"follow","max-snippet":"max-snippet:-1","max-image-preview":"max-image-preview:large","max-video-preview":"max-video-preview:-1"},"canonical":"https:\/\/socrema-automatisme.com\/index.php\/maintenance\/","og_locale":"fr_FR","og_type":"article","og_title":"Maintenance - Socrema","og_url":"https:\/\/socrema-automatisme.com\/index.php\/maintenance\/","og_site_name":"Socrema","article_modified_time":"2019-06-12T14:43:31+00:00","twitter_card":"summary_large_image","twitter_misc":{"Dur\u00e9e de lecture estim\u00e9e":"7 minutes"},"schema":{"@context":"https:\/\/schema.org","@graph":[{"@type":"WebPage","@id":"https:\/\/socrema-automatisme.com\/index.php\/maintenance\/","url":"https:\/\/socrema-automatisme.com\/index.php\/maintenance\/","name":"Maintenance - Socrema","isPartOf":{"@id":"https:\/\/socrema-automatisme.com\/#website"},"datePublished":"2018-12-02T12:31:18+00:00","dateModified":"2019-06-12T14:43:31+00:00","breadcrumb":{"@id":"https:\/\/socrema-automatisme.com\/index.php\/maintenance\/#breadcrumb"},"inLanguage":"fr-FR","potentialAction":[{"@type":"ReadAction","target":["https:\/\/socrema-automatisme.com\/index.php\/maintenance\/"]}]},{"@type":"BreadcrumbList","@id":"https:\/\/socrema-automatisme.com\/index.php\/maintenance\/#breadcrumb","itemListElement":[{"@type":"ListItem","position":1,"name":"Accueil","item":"https:\/\/socrema-automatisme.com\/"},{"@type":"ListItem","position":2,"name":"Maintenance"}]},{"@type":"WebSite","@id":"https:\/\/socrema-automatisme.com\/#website","url":"https:\/\/socrema-automatisme.com\/","name":"Socrema","description":"Machine d&#039;assemblage automatique. Vision industrielle","publisher":{"@id":"https:\/\/socrema-automatisme.com\/#organization"},"potentialAction":[{"@type":"SearchAction","target":{"@type":"EntryPoint","urlTemplate":"https:\/\/socrema-automatisme.com\/?s={search_term_string}"},"query-input":{"@type":"PropertyValueSpecification","valueRequired":true,"valueName":"search_term_string"}}],"inLanguage":"fr-FR"},{"@type":"Organization","@id":"https:\/\/socrema-automatisme.com\/#organization","name":"SOCREMA","url":"https:\/\/socrema-automatisme.com\/","logo":{"@type":"ImageObject","inLanguage":"fr-FR","@id":"https:\/\/socrema-automatisme.com\/#\/schema\/logo\/image\/","url":"http:\/\/socrema-automatisme.com\/wp-content\/uploads\/2018\/11\/logo-socrema.png","contentUrl":"http:\/\/socrema-automatisme.com\/wp-content\/uploads\/2018\/11\/logo-socrema.png","width":451,"height":466,"caption":"SOCREMA"},"image":{"@id":"https:\/\/socrema-automatisme.com\/#\/schema\/logo\/image\/"}}]}},"_links":{"self":[{"href":"https:\/\/socrema-automatisme.com\/index.php\/wp-json\/wp\/v2\/pages\/2018","targetHints":{"allow":["GET"]}}],"collection":[{"href":"https:\/\/socrema-automatisme.com\/index.php\/wp-json\/wp\/v2\/pages"}],"about":[{"href":"https:\/\/socrema-automatisme.com\/index.php\/wp-json\/wp\/v2\/types\/page"}],"author":[{"embeddable":true,"href":"https:\/\/socrema-automatisme.com\/index.php\/wp-json\/wp\/v2\/users\/1"}],"replies":[{"embeddable":true,"href":"https:\/\/socrema-automatisme.com\/index.php\/wp-json\/wp\/v2\/comments?post=2018"}],"version-history":[{"count":18,"href":"https:\/\/socrema-automatisme.com\/index.php\/wp-json\/wp\/v2\/pages\/2018\/revisions"}],"predecessor-version":[{"id":3073,"href":"https:\/\/socrema-automatisme.com\/index.php\/wp-json\/wp\/v2\/pages\/2018\/revisions\/3073"}],"wp:attachment":[{"href":"https:\/\/socrema-automatisme.com\/index.php\/wp-json\/wp\/v2\/media?parent=2018"}],"curies":[{"name":"wp","href":"https:\/\/api.w.org\/{rel}","templated":true}]}}